{"id":802,"date":"2023-08-05T09:27:13","date_gmt":"2023-08-05T07:27:13","guid":{"rendered":"https:\/\/itech-moto.com\/it\/?page_id=802"},"modified":"2023-08-05T09:43:33","modified_gmt":"2023-08-05T07:43:33","slug":"privacy","status":"publish","type":"page","link":"https:\/\/itech-moto.com\/it\/privacy\/","title":{"rendered":"Privacy"},"content":{"rendered":"\t\t<div data-elementor-type=\"wp-page\" data-elementor-id=\"802\" class=\"elementor elementor-802\" data-elementor-post-type=\"page\">\n\t\t\t\t\t\t<section class=\"elementor-section elementor-top-section elementor-element elementor-element-45d252c elementor-section-boxed elementor-section-height-default elementor-section-height-default\" data-id=\"45d252c\" data-element_type=\"section\">\n\t\t\t\t\t\t<div class=\"elementor-container elementor-column-gap-default\">\n\t\t\t\t\t<div class=\"elementor-column elementor-col-100 elementor-top-column elementor-element elementor-element-04a961f\" data-id=\"04a961f\" data-element_type=\"column\">\n\t\t\t<div class=\"elementor-widget-wrap elementor-element-populated\">\n\t\t\t\t\t\t<div class=\"elementor-element elementor-element-7a991c7 elementor-widget elementor-widget-text-editor\" data-id=\"7a991c7\" data-element_type=\"widget\" data-widget_type=\"text-editor.default\">\n\t\t\t\t<div class=\"elementor-widget-container\">\n\t\t\t\t\t\t\t\t\t<h1>Informazioni legali<\/h1><h2>1. Presentazione del sito web.<\/h2><p>Ai sensi dell&rsquo;articolo 6 della legge n. 2004-575 del 21 giugno 2004 sulla fiducia nell&rsquo;economia digitale, gli utenti del sito https:\/\/itech-moto.com\/it\/ sono informati sull&rsquo;identit\u00e0 delle diverse parti coinvolte nella sua creazione e nel suo monitoraggio:<\/p><p>Proprietario: Nadhir &#8211; Auto-imprenditore<br \/>Creatore : Nadhir<br \/>Responsabile della pubblicazione : Nadhir<br \/>Il responsabile della pubblicazione \u00e8 una persona fisica o giuridica.<br \/>Webmaster : Nadhir<br \/>Host : 222 Boulevard Gustave Flaubert, 63000 Clermont-Ferrand<br \/>Credits: Il modello di avviso legale \u00e8 offerto da Subdelirium.com <a href=\"https:\/\/www.subdelirium.com\/generateur-de-mentions-legales\/\" target=\"_blank\" rel=\"nofollow noopener\">Generatore di avvisi legali<\/a><\/p><p>\u00a0<\/p><h2>2. Condizioni generali di utilizzo del sito e dei servizi offerti.<\/h2><p>L&rsquo;utilizzo del sito web https:\/\/itech-moto.com\/it\/ implica la piena accettazione delle condizioni generali di utilizzo descritte di seguito. Le presenti condizioni d&rsquo;uso possono essere modificate o integrate in qualsiasi momento, pertanto si consiglia agli utenti del sito https:\/\/itech-moto.com\/it\/ di consultarle regolarmente.<\/p><p>Questo sito \u00e8 normalmente accessibile agli utenti in qualsiasi momento. Nadhir pu\u00f2 tuttavia decidere di interrompere il sito per motivi di manutenzione tecnica, nel qual caso si adoperer\u00e0 per informare preventivamente gli utenti delle date e degli orari dell&rsquo;intervento.<\/p><p>Il sito https:\/\/itech-moto.com\/it\/ viene aggiornato regolarmente da Nadhir. Allo stesso modo, le note legali possono essere modificate in qualsiasi momento: esse sono comunque vincolanti per l&rsquo;utente, che \u00e8 invitato a consultarle il pi\u00f9 spesso possibile per prenderne visione.<\/p><h3>\u00a0<\/h3><h2>3. Descrizione dei servizi forniti.<\/h2><p>Lo scopo del sito web https:\/\/itech-moto.com\/it\/ \u00e8 quello di fornire informazioni su tutte le attivit\u00e0 dell&rsquo;azienda.<\/p><p>Nadhir si impegna a fornire sul sito https:\/\/itech-moto.com\/it\/ informazioni il pi\u00f9 possibile accurate. Tuttavia, Nadhir non pu\u00f2 essere ritenuta responsabile di eventuali omissioni, imprecisioni o mancati aggiornamenti delle informazioni, siano essi imputabili a lui o a partner terzi che forniscono le informazioni.<\/p><p>Tutte le informazioni fornite sul sito https:\/\/itech-moto.com\/it\/ sono fornite a titolo puramente informativo e sono soggette a modifiche. Inoltre, le informazioni contenute nel sito https:\/\/itech-moto.com\/it\/ non sono esaustive. Esse sono fornite con riserva di modifiche apportate dopo la loro messa in linea.<\/p><p>\u00a0<\/p><h2>4. Limitazioni contrattuali sui dati tecnici.<\/h2><p>Il sito utilizza la tecnologia JavaScript.<\/p><p>Il sito non pu\u00f2 essere ritenuto responsabile di eventuali danni materiali legati all&rsquo;utilizzo del sito. Inoltre, l&rsquo;utente del sito si impegna ad accedervi con apparecchiature recenti e prive di virus e con un browser aggiornato e di ultima generazione.<\/p><p>\u00a0<\/p><h2>5. Propriet\u00e0 intellettuale e contraffazione.<\/h2><p>Nadhir \u00e8 titolare dei diritti di propriet\u00e0 intellettuale o detiene i diritti d&rsquo;uso su tutti gli elementi accessibili sul sito, in particolare testi, immagini, grafici, loghi, icone, suoni e software.<\/p><p>\u00c8 vietata la riproduzione, la rappresentazione, la modifica, la pubblicazione, l&rsquo;adattamento di tutti o parte degli elementi del sito, qualunque sia il mezzo o il processo utilizzato, salvo previa autorizzazione scritta di : Nadhir.<\/p><p>Qualsiasi utilizzo non autorizzato del sito o di uno qualsiasi degli elementi in esso contenuti sar\u00e0 considerato come una violazione e sar\u00e0 perseguito secondo le disposizioni degli articoli L.335-2 e seguenti del Codice della Propriet\u00e0 Intellettuale francese.<\/p><h3>\u00a0<\/h3><h2>6. Limitazione di responsabilit\u00e0.<\/h2><p>Nadhir non potr\u00e0 essere ritenuta responsabile per eventuali danni diretti o indiretti causati alle apparecchiature dell&rsquo;utente durante l&rsquo;accesso al sito https:\/\/itech-moto.com\/it\/, derivanti sia dall&rsquo;uso di apparecchiature non conformi alle specifiche indicate al punto 4, sia dalla comparsa di un bug o di un&rsquo;incompatibilit\u00e0.<\/p><p>Nadhir non potr\u00e0 inoltre essere ritenuta responsabile per danni indiretti (come la perdita di affari o di opportunit\u00e0) derivanti dall&rsquo;uso del sito https:\/\/itech-moto.com\/it\/.<\/p><p>Le aree interattive (possibilit\u00e0 di porre domande nell&rsquo;area contatti) sono a disposizione degli utenti. Nadhir si riserva il diritto di eliminare, senza preavviso, qualsiasi contenuto pubblicato in quest&rsquo;area che violi la legislazione applicabile in Francia, in particolare le disposizioni relative alla protezione dei dati. Se del caso, Nadhir si riserva anche il diritto di ritenere l&rsquo;utente responsabile civilmente e\/o penalmente, in particolare in caso di messaggi di natura razzista, ingiuriosa, diffamatoria o pornografica, qualunque sia il mezzo utilizzato (testo, fotografie, ecc.).<\/p><h3>\u00a0<\/h3><h2>7. Gestione dei dati personali.<\/h2><p>In Francia, i dati personali sono protetti dalla legge n. 78-87 del 6 gennaio 1978, dalla legge n. 2004-801 del 6 agosto 2004, dall&rsquo;articolo L. 226-13 del Codice Penale e dalla Direttiva Europea del 24 ottobre 1995.<\/p><p>Quando si utilizza il sito web https:\/\/itech-moto.com\/it\/, possono essere raccolte le seguenti informazioni: l&rsquo;URL dei link attraverso i quali l&rsquo;utente accede al sito web https:\/\/itech-moto.com\/it\/, il provider di accesso dell&rsquo;utente, l&rsquo;indirizzo del protocollo Internet (IP) dell&rsquo;utente.<\/p><p>In ogni caso, Nadhir raccoglie informazioni personali relative all&rsquo;utente solo ai fini di alcuni servizi offerti dal sito https:\/\/itech-moto.com\/it\/. Gli utenti forniscono queste informazioni con cognizione di causa, in particolare quando le inseriscono loro stessi. Gli utenti del sito https:\/\/itech-moto.com\/it\/ vengono poi informati se sono tenuti o meno a fornire tali informazioni.<\/p><p>Conformemente alle disposizioni degli articoli 38 e seguenti della legge 78-17 del 6 gennaio 1978 sull&rsquo;informatica, gli archivi e le libert\u00e0 individuali, tutti gli utenti hanno il diritto di accedere, rettificare e opporsi a qualsiasi dato personale che li riguardi, presentando una richiesta scritta e firmata, accompagnata da una copia del documento d&rsquo;identit\u00e0 recante la firma del titolare del documento, e specificando l&rsquo;indirizzo a cui inviare la risposta.<\/p><p>Nessuna informazione personale dell&rsquo;utente del sito https:\/\/itech-moto.com\/it\/ viene pubblicata all&rsquo;insaputa dell&rsquo;utente, scambiata, trasferita o venduta su qualsiasi supporto a terzi. Solo l&rsquo;ipotesi di acquisto di Nadhir e dei suoi diritti consentirebbe la trasmissione di tali informazioni all&rsquo;eventuale acquirente, che sarebbe a sua volta tenuto allo stesso obbligo di conservazione e modifica dei dati nei confronti dell&rsquo;utente del sito https:\/\/itech-moto.com\/it\/.<\/p><p>Le banche dati sono protette dalle disposizioni della legge del 1\u00b0 luglio 1998 che recepisce la direttiva 96\/9 dell&rsquo;11 marzo 1996 sulla tutela giuridica delle banche dati.<\/p><h2>\u00a0<\/h2><h2>8. Link ipertestuali e cookie.<\/h2><p>Il sito https:\/\/itech-moto.com\/it\/ contiene una serie di collegamenti ipertestuali ad altri siti, creati con l&rsquo;autorizzazione di Nadhir. Tuttavia, Nadhir non \u00e8 in grado di controllare il contenuto dei siti visitati in questo modo e, di conseguenza, non si assume alcuna responsabilit\u00e0 al riguardo.<\/p><p>La navigazione sul sito https:\/\/itech-moto.com\/it\/ pu\u00f2 comportare l&rsquo;installazione di cookie sul computer dell&rsquo;utente. Un cookie \u00e8 un piccolo file che non consente di identificare l&rsquo;utente, ma che registra informazioni relative alla navigazione di un computer su un sito. I dati cos\u00ec ottenuti hanno lo scopo di facilitare la successiva navigazione del sito e vengono utilizzati anche per misurare il numero di visitatori.<\/p><p>Il rifiuto di installare un cookie pu\u00f2 rendere impossibile l&rsquo;accesso ad alcuni servizi. Tuttavia, gli utenti possono configurare il proprio computer come segue per rifiutare l&rsquo;installazione dei cookie:<\/p><p>In Internet Explorer: scheda Strumenti (icona a forma di ruota in alto a destra) \/ Opzioni Internet. Cliccare su Riservatezza e scegliere Blocca tutti i cookie. Confermare con Ok.<\/p><p>Firefox: nella parte superiore della finestra del browser, fare clic sul pulsante Firefox, quindi accedere alla scheda Opzioni. Fare clic sulla scheda Privacy.<br \/>Impostare le Regole di conservazione su: utilizza impostazioni personalizzate per la cronologia. Infine, deselezionare per disattivare i cookie.<\/p><p>Su Safari: fare clic sull&rsquo;icona del menu (simboleggiata da un ingranaggio) nell&rsquo;angolo superiore destro del browser. Selezionare Impostazioni. Cliccare su Mostra impostazioni avanzate. Nella sezione \u00ab\u00a0Riservatezza\u00a0\u00bb, cliccare su Impostazioni contenuti. Nella sezione \u00ab\u00a0Cookie\u00a0\u00bb \u00e8 possibile bloccare i cookie.<\/p><p>In Chrome: fare clic sull&rsquo;icona del menu (simboleggiata da tre linee orizzontali) nell&rsquo;angolo superiore destro del browser. Selezionare Impostazioni. Cliccare su Mostra impostazioni avanzate. Nella sezione \u00ab\u00a0Riservatezza\u00a0\u00bb, cliccare su preferenze. Nella scheda \u00ab\u00a0Riservatezza\u00a0\u00bb \u00e8 possibile bloccare i cookie.<\/p><p>9. Legge applicabile e giurisdizione.<\/p><p>Qualsiasi controversia relativa all&rsquo;utilizzo del sito web https:\/\/itech-moto.com\/it\/ \u00e8 soggetta alla legge francese. I tribunali competenti di Parigi hanno giurisdizione esclusiva.<\/p><p>\u00a0<\/p><h2>10. Le principali leggi interessate.<\/h2><p>Legge n. 78-17 del 6 gennaio 1978, modificata dalla legge n. 2004-801 del 6 agosto 2004, relativa all&rsquo;informatica, ai file e alle libert\u00e0 civili.<\/p><p>Legge n. 2004-575 del 21 giugno 2004 sulla fiducia nell&rsquo;economia digitale.<\/p><h3>\u00a0<\/h3><h2>11. Glossario.<\/h2><p>Utente: utente di Internet che si collega e utilizza il sito in questione.<\/p><p>Dati personali: \u00ab\u00a0informazioni che consentono, in qualsiasi forma, direttamente o indirettamente, l&rsquo;identificazione delle persone fisiche cui si riferiscono\u00a0\u00bb (articolo 4 della legge n. 78-17 del 6 gennaio 1978).<\/p><h2>12. Programma di affiliazione Amazon<\/h2><p>Itech Moto partecipa al programma partner Amazon EU, un programma di affiliazione che consente al sito di ricevere una remunerazione dalla creazione di link verso Amazon.it.<\/p>\t\t\t\t\t\t\t\t<\/div>\n\t\t\t\t<\/div>\n\t\t\t\t\t<\/div>\n\t\t<\/div>\n\t\t\t\t\t<\/div>\n\t\t<\/section>\n\t\t\t\t<\/div>\n\t\t","protected":false},"excerpt":{"rendered":"<p>Informazioni legali 1. Presentazione del sito web. Ai sensi dell&rsquo;articolo 6 della legge n. 2004-575 del 21 giugno 2004 sulla fiducia nell&rsquo;economia digitale, gli utenti del sito https:\/\/itech-moto.com\/it\/ sono informati sull&rsquo;identit\u00e0 delle diverse parti coinvolte nella sua creazione e nel suo monitoraggio: Proprietario: Nadhir &#8211; Auto-imprenditoreCreatore : NadhirResponsabile della pubblicazione : NadhirIl responsabile della pubblicazione [&hellip;]<\/p>\n","protected":false},"author":1,"featured_media":0,"parent":0,"menu_order":0,"comment_status":"closed","ping_status":"closed","template":"elementor_header_footer","meta":{"_seopress_robots_primary_cat":"","_seopress_titles_title":"","_seopress_titles_desc":"","_seopress_robots_index":"yes","_monsterinsights_skip_tracking":false,"_monsterinsights_sitenote_active":false,"_monsterinsights_sitenote_note":"","_monsterinsights_sitenote_category":0,"ocean_post_layout":"","ocean_both_sidebars_style":"","ocean_both_sidebars_content_width":0,"ocean_both_sidebars_sidebars_width":0,"ocean_sidebar":"0","ocean_second_sidebar":"0","ocean_disable_margins":"on","ocean_add_body_class":"","ocean_shortcode_before_top_bar":"","ocean_shortcode_after_top_bar":"","ocean_shortcode_before_header":"","ocean_shortcode_after_header":"","ocean_has_shortcode":"","ocean_shortcode_after_title":"","ocean_shortcode_before_footer_widgets":"","ocean_shortcode_after_footer_widgets":"","ocean_shortcode_before_footer_bottom":"","ocean_shortcode_after_footer_bottom":"","ocean_display_top_bar":"default","ocean_display_header":"default","ocean_header_style":"","ocean_center_header_left_menu":"0","ocean_custom_header_template":"0","ocean_custom_logo":0,"ocean_custom_retina_logo":0,"ocean_custom_logo_max_width":0,"ocean_custom_logo_tablet_max_width":0,"ocean_custom_logo_mobile_max_width":0,"ocean_custom_logo_max_height":0,"ocean_custom_logo_tablet_max_height":0,"ocean_custom_logo_mobile_max_height":0,"ocean_header_custom_menu":"0","ocean_menu_typo_font_family":"0","ocean_menu_typo_font_subset":"","ocean_menu_typo_font_size":0,"ocean_menu_typo_font_size_tablet":0,"ocean_menu_typo_font_size_mobile":0,"ocean_menu_typo_font_size_unit":"px","ocean_menu_typo_font_weight":"","ocean_menu_typo_font_weight_tablet":"","ocean_menu_typo_font_weight_mobile":"","ocean_menu_typo_transform":"","ocean_menu_typo_transform_tablet":"","ocean_menu_typo_transform_mobile":"","ocean_menu_typo_line_height":0,"ocean_menu_typo_line_height_tablet":0,"ocean_menu_typo_line_height_mobile":0,"ocean_menu_typo_line_height_unit":"","ocean_menu_typo_spacing":0,"ocean_menu_typo_spacing_tablet":0,"ocean_menu_typo_spacing_mobile":0,"ocean_menu_typo_spacing_unit":"","ocean_menu_link_color":"","ocean_menu_link_color_hover":"","ocean_menu_link_color_active":"","ocean_menu_link_background":"","ocean_menu_link_hover_background":"","ocean_menu_link_active_background":"","ocean_menu_social_links_bg":"","ocean_menu_social_hover_links_bg":"","ocean_menu_social_links_color":"","ocean_menu_social_hover_links_color":"","ocean_disable_title":"on","ocean_disable_heading":"default","ocean_post_title":"","ocean_post_subheading":"","ocean_post_title_style":"","ocean_post_title_background_color":"","ocean_post_title_background":0,"ocean_post_title_bg_image_position":"","ocean_post_title_bg_image_attachment":"","ocean_post_title_bg_image_repeat":"","ocean_post_title_bg_image_size":"","ocean_post_title_height":0,"ocean_post_title_bg_overlay":0.5,"ocean_post_title_bg_overlay_color":"","ocean_disable_breadcrumbs":"default","ocean_breadcrumbs_color":"","ocean_breadcrumbs_separator_color":"","ocean_breadcrumbs_links_color":"","ocean_breadcrumbs_links_hover_color":"","ocean_display_footer_widgets":"default","ocean_display_footer_bottom":"default","ocean_custom_footer_template":"0","footnotes":""},"class_list":["post-802","page","type-page","status-publish","hentry","entry"],"_links":{"self":[{"href":"https:\/\/itech-moto.com\/it\/wp-json\/wp\/v2\/pages\/802","targetHints":{"allow":["GET"]}}],"collection":[{"href":"https:\/\/itech-moto.com\/it\/wp-json\/wp\/v2\/pages"}],"about":[{"href":"https:\/\/itech-moto.com\/it\/wp-json\/wp\/v2\/types\/page"}],"author":[{"embeddable":true,"href":"https:\/\/itech-moto.com\/it\/wp-json\/wp\/v2\/users\/1"}],"replies":[{"embeddable":true,"href":"https:\/\/itech-moto.com\/it\/wp-json\/wp\/v2\/comments?post=802"}],"version-history":[{"count":0,"href":"https:\/\/itech-moto.com\/it\/wp-json\/wp\/v2\/pages\/802\/revisions"}],"wp:attachment":[{"href":"https:\/\/itech-moto.com\/it\/wp-json\/wp\/v2\/media?parent=802"}],"curies":[{"name":"wp","href":"https:\/\/api.w.org\/{rel}","templated":true}]}}